{"id":1549,"date":"2023-10-25T15:49:41","date_gmt":"2023-10-25T13:49:41","guid":{"rendered":"https:\/\/catchme.se\/hem\/"},"modified":"2025-10-31T09:38:27","modified_gmt":"2025-10-31T08:38:27","slug":"hem","status":"publish","type":"page","link":"https:\/\/catchme.se\/en\/","title":{"rendered":"Home"},"content":{"rendered":"<p>Detta \u00e4r en CTA &#8211; call to action. H\u00e4r vill du uppmana l\u00e4saren att ta kontakt med er f\u00f6r att ta n\u00e4sta steg. Texten kan t.ex. vara \u201cH\u00f6r av dig till oss s\u00e5 ber\u00e4ttar vi mer!\u201d<\/p>\n","protected":false},"excerpt":{"rendered":"<p>Detta \u00e4r en CTA &#8211; call to action. H\u00e4r vill du uppmana l\u00e4saren att ta kontakt med er f\u00f6r att ta n\u00e4sta steg. Texten kan\u2026 <a class=\"is-link-read-more\" href=\"https:\/\/catchme.se\/en\/\">Read More<\/a><\/p>\n","protected":false},"author":2,"featured_media":0,"parent":0,"menu_order":0,"comment_status":"closed","ping_status":"closed","template":"","meta":{"_acf_changed":false,"footnotes":""},"class_list":["post-1549","page","type-page","status-publish","hentry"],"acf":[],"yoast_head":"<!-- This site is optimized with the Yoast SEO plugin v27.5 - https:\/\/yoast.com\/product\/yoast-seo-wordpress\/ -->\n<title>Catch Me \u2013 The fair staffing company!<\/title>\n<meta name=\"description\" content=\"Catch Me is the fair staffing company! We make the jobs available to the workforce - the workforce available to the jobs.\" \/>\n<meta name=\"robots\" content=\"index, follow, max-snippet:-1, max-image-preview:large, max-video-preview:-1\" \/>\n<link rel=\"canonical\" href=\"https:\/\/catchme.se\/en\/\" \/>\n<meta property=\"og:locale\" content=\"en_US\" \/>\n<meta property=\"og:type\" content=\"article\" \/>\n<meta property=\"og:title\" content=\"Catch Me \u2013 The fair staffing company!\" \/>\n<meta property=\"og:description\" content=\"Catch Me is the fair staffing company! We make the jobs available to the workforce - the workforce available to the jobs.\" \/>\n<meta property=\"og:url\" content=\"https:\/\/catchme.se\/en\/\" \/>\n<meta property=\"og:site_name\" content=\"Catch Me\" \/>\n<meta property=\"article:modified_time\" content=\"2025-10-31T08:38:27+00:00\" \/>\n<meta name=\"twitter:card\" content=\"summary_large_image\" \/>\n<meta name=\"twitter:label1\" content=\"Est. reading time\" \/>\n\t<meta name=\"twitter:data1\" content=\"6 minutes\" \/>\n<script type=\"application\/ld+json\" class=\"yoast-schema-graph\">{\"@context\":\"https:\\\/\\\/schema.org\",\"@graph\":[{\"@type\":\"WebPage\",\"@id\":\"https:\\\/\\\/catchme.se\\\/en\\\/\",\"url\":\"https:\\\/\\\/catchme.se\\\/en\\\/\",\"name\":\"Catch Me \u2013 The fair staffing company!\",\"isPartOf\":{\"@id\":\"https:\\\/\\\/catchme.se\\\/#website\"},\"datePublished\":\"2023-10-25T13:49:41+00:00\",\"dateModified\":\"2025-10-31T08:38:27+00:00\",\"description\":\"Catch Me is the fair staffing company! We make the jobs available to the workforce - the workforce available to the jobs.\",\"breadcrumb\":{\"@id\":\"https:\\\/\\\/catchme.se\\\/en\\\/#breadcrumb\"},\"inLanguage\":\"en-US\",\"potentialAction\":[{\"@type\":\"ReadAction\",\"target\":[\"https:\\\/\\\/catchme.se\\\/en\\\/\"]}]},{\"@type\":\"BreadcrumbList\",\"@id\":\"https:\\\/\\\/catchme.se\\\/en\\\/#breadcrumb\",\"itemListElement\":[{\"@type\":\"ListItem\",\"position\":1,\"name\":\"Hem\",\"item\":\"https:\\\/\\\/catchme.se\\\/en\\\/\"},{\"@type\":\"ListItem\",\"position\":2,\"name\":\"Home\"}]},{\"@type\":\"WebSite\",\"@id\":\"https:\\\/\\\/catchme.se\\\/#website\",\"url\":\"https:\\\/\\\/catchme.se\\\/\",\"name\":\"Catch Me\",\"description\":\"\",\"potentialAction\":[{\"@type\":\"SearchAction\",\"target\":{\"@type\":\"EntryPoint\",\"urlTemplate\":\"https:\\\/\\\/catchme.se\\\/?s={search_term_string}\"},\"query-input\":{\"@type\":\"PropertyValueSpecification\",\"valueRequired\":true,\"valueName\":\"search_term_string\"}}],\"inLanguage\":\"en-US\"}]}<\/script>\n<!-- \/ Yoast SEO plugin. -->","yoast_head_json":{"title":"Catch Me \u2013 The fair staffing company!","description":"Catch Me is the fair staffing company! We make the jobs available to the workforce - the workforce available to the jobs.","robots":{"index":"index","follow":"follow","max-snippet":"max-snippet:-1","max-image-preview":"max-image-preview:large","max-video-preview":"max-video-preview:-1"},"canonical":"https:\/\/catchme.se\/en\/","og_locale":"en_US","og_type":"article","og_title":"Catch Me \u2013 The fair staffing company!","og_description":"Catch Me is the fair staffing company! We make the jobs available to the workforce - the workforce available to the jobs.","og_url":"https:\/\/catchme.se\/en\/","og_site_name":"Catch Me","article_modified_time":"2025-10-31T08:38:27+00:00","twitter_card":"summary_large_image","twitter_misc":{"Est. reading time":"6 minutes"},"schema":{"@context":"https:\/\/schema.org","@graph":[{"@type":"WebPage","@id":"https:\/\/catchme.se\/en\/","url":"https:\/\/catchme.se\/en\/","name":"Catch Me \u2013 The fair staffing company!","isPartOf":{"@id":"https:\/\/catchme.se\/#website"},"datePublished":"2023-10-25T13:49:41+00:00","dateModified":"2025-10-31T08:38:27+00:00","description":"Catch Me is the fair staffing company! We make the jobs available to the workforce - the workforce available to the jobs.","breadcrumb":{"@id":"https:\/\/catchme.se\/en\/#breadcrumb"},"inLanguage":"en-US","potentialAction":[{"@type":"ReadAction","target":["https:\/\/catchme.se\/en\/"]}]},{"@type":"BreadcrumbList","@id":"https:\/\/catchme.se\/en\/#breadcrumb","itemListElement":[{"@type":"ListItem","position":1,"name":"Hem","item":"https:\/\/catchme.se\/en\/"},{"@type":"ListItem","position":2,"name":"Home"}]},{"@type":"WebSite","@id":"https:\/\/catchme.se\/#website","url":"https:\/\/catchme.se\/","name":"Catch Me","description":"","potentialAction":[{"@type":"SearchAction","target":{"@type":"EntryPoint","urlTemplate":"https:\/\/catchme.se\/?s={search_term_string}"},"query-input":{"@type":"PropertyValueSpecification","valueRequired":true,"valueName":"search_term_string"}}],"inLanguage":"en-US"}]}},"_links":{"self":[{"href":"https:\/\/catchme.se\/en\/wp-json\/wp\/v2\/pages\/1549","targetHints":{"allow":["GET"]}}],"collection":[{"href":"https:\/\/catchme.se\/en\/wp-json\/wp\/v2\/pages"}],"about":[{"href":"https:\/\/catchme.se\/en\/wp-json\/wp\/v2\/types\/page"}],"author":[{"embeddable":true,"href":"https:\/\/catchme.se\/en\/wp-json\/wp\/v2\/users\/2"}],"replies":[{"embeddable":true,"href":"https:\/\/catchme.se\/en\/wp-json\/wp\/v2\/comments?post=1549"}],"version-history":[{"count":5,"href":"https:\/\/catchme.se\/en\/wp-json\/wp\/v2\/pages\/1549\/revisions"}],"predecessor-version":[{"id":3605,"href":"https:\/\/catchme.se\/en\/wp-json\/wp\/v2\/pages\/1549\/revisions\/3605"}],"wp:attachment":[{"href":"https:\/\/catchme.se\/en\/wp-json\/wp\/v2\/media?parent=1549"}],"curies":[{"name":"wp","href":"https:\/\/api.w.org\/{rel}","templated":true}]}}