{"id":2503,"date":"2024-01-04T10:41:30","date_gmt":"2024-01-04T09:41:30","guid":{"rendered":"https:\/\/catchme.se\/for-investerare-ny\/"},"modified":"2026-02-02T14:53:16","modified_gmt":"2026-02-02T13:53:16","slug":"for-investors","status":"publish","type":"page","link":"https:\/\/catchme.se\/en\/for-investors\/","title":{"rendered":"For investors"},"content":{"rendered":"<p>Detta \u00e4r en CTA &#8211; call to action. H\u00e4r vill du uppmana l\u00e4saren att ta kontakt med er f\u00f6r att ta n\u00e4sta steg. Texten kan t.ex. vara \u201cH\u00f6r av dig till oss s\u00e5 ber\u00e4ttar vi mer!\u201d<\/p>\n","protected":false},"excerpt":{"rendered":"<p>Detta \u00e4r en CTA &#8211; call to action. H\u00e4r vill du uppmana l\u00e4saren att ta kontakt med er f\u00f6r att ta n\u00e4sta steg. Texten kan\u2026 <a class=\"is-link-read-more\" href=\"https:\/\/catchme.se\/en\/for-investors\/\">Read More<\/a><\/p>\n","protected":false},"author":2,"featured_media":0,"parent":0,"menu_order":0,"comment_status":"closed","ping_status":"closed","template":"","meta":{"_acf_changed":false,"footnotes":""},"class_list":["post-2503","page","type-page","status-publish","hentry"],"acf":[],"yoast_head":"<!-- This site is optimized with the Yoast SEO plugin v27.4 - https:\/\/yoast.com\/product\/yoast-seo-wordpress\/ -->\n<title>Jobba extra och f\u00e5 betalt samma dag! - Catch Me<\/title>\n<meta name=\"description\" content=\"Jobba extra och f\u00e5 jobb utifr\u00e5n kompetens, inte person. V\u00e4lj hur mycket du vill arbeta. Att tj\u00e4na extra pengar har aldrig varit enklare!\" \/>\n<meta name=\"robots\" content=\"index, follow, max-snippet:-1, max-image-preview:large, max-video-preview:-1\" \/>\n<link rel=\"canonical\" href=\"https:\/\/catchme.se\/en\/for-investors\/\" \/>\n<meta property=\"og:locale\" content=\"en_US\" \/>\n<meta property=\"og:type\" content=\"article\" \/>\n<meta property=\"og:title\" content=\"Jobba extra och f\u00e5 betalt samma dag! - Catch Me\" \/>\n<meta property=\"og:description\" content=\"Jobba extra och f\u00e5 jobb utifr\u00e5n kompetens, inte person. V\u00e4lj hur mycket du vill arbeta. Att tj\u00e4na extra pengar har aldrig varit enklare!\" \/>\n<meta property=\"og:url\" content=\"https:\/\/catchme.se\/en\/for-investors\/\" \/>\n<meta property=\"og:site_name\" content=\"Catch Me\" \/>\n<meta property=\"article:modified_time\" content=\"2026-02-02T13:53:16+00:00\" \/>\n<meta name=\"twitter:card\" content=\"summary_large_image\" \/>\n<meta name=\"twitter:label1\" content=\"Est. reading time\" \/>\n\t<meta name=\"twitter:data1\" content=\"6 minutes\" \/>\n<script type=\"application\/ld+json\" class=\"yoast-schema-graph\">{\"@context\":\"https:\\\/\\\/schema.org\",\"@graph\":[{\"@type\":\"WebPage\",\"@id\":\"https:\\\/\\\/catchme.se\\\/en\\\/for-investors\\\/\",\"url\":\"https:\\\/\\\/catchme.se\\\/en\\\/for-investors\\\/\",\"name\":\"Jobba extra och f\u00e5 betalt samma dag! - Catch Me\",\"isPartOf\":{\"@id\":\"https:\\\/\\\/catchme.se\\\/#website\"},\"datePublished\":\"2024-01-04T09:41:30+00:00\",\"dateModified\":\"2026-02-02T13:53:16+00:00\",\"description\":\"Jobba extra och f\u00e5 jobb utifr\u00e5n kompetens, inte person. V\u00e4lj hur mycket du vill arbeta. Att tj\u00e4na extra pengar har aldrig varit enklare!\",\"breadcrumb\":{\"@id\":\"https:\\\/\\\/catchme.se\\\/en\\\/for-investors\\\/#breadcrumb\"},\"inLanguage\":\"en-US\",\"potentialAction\":[{\"@type\":\"ReadAction\",\"target\":[\"https:\\\/\\\/catchme.se\\\/en\\\/for-investors\\\/\"]}]},{\"@type\":\"BreadcrumbList\",\"@id\":\"https:\\\/\\\/catchme.se\\\/en\\\/for-investors\\\/#breadcrumb\",\"itemListElement\":[{\"@type\":\"ListItem\",\"position\":1,\"name\":\"Hem\",\"item\":\"https:\\\/\\\/catchme.se\\\/en\\\/\"},{\"@type\":\"ListItem\",\"position\":2,\"name\":\"For investors\"}]},{\"@type\":\"WebSite\",\"@id\":\"https:\\\/\\\/catchme.se\\\/#website\",\"url\":\"https:\\\/\\\/catchme.se\\\/\",\"name\":\"Catch Me\",\"description\":\"\",\"potentialAction\":[{\"@type\":\"SearchAction\",\"target\":{\"@type\":\"EntryPoint\",\"urlTemplate\":\"https:\\\/\\\/catchme.se\\\/?s={search_term_string}\"},\"query-input\":{\"@type\":\"PropertyValueSpecification\",\"valueRequired\":true,\"valueName\":\"search_term_string\"}}],\"inLanguage\":\"en-US\"}]}<\/script>\n<!-- \/ Yoast SEO plugin. -->","yoast_head_json":{"title":"Jobba extra och f\u00e5 betalt samma dag! - Catch Me","description":"Jobba extra och f\u00e5 jobb utifr\u00e5n kompetens, inte person. V\u00e4lj hur mycket du vill arbeta. Att tj\u00e4na extra pengar har aldrig varit enklare!","robots":{"index":"index","follow":"follow","max-snippet":"max-snippet:-1","max-image-preview":"max-image-preview:large","max-video-preview":"max-video-preview:-1"},"canonical":"https:\/\/catchme.se\/en\/for-investors\/","og_locale":"en_US","og_type":"article","og_title":"Jobba extra och f\u00e5 betalt samma dag! - Catch Me","og_description":"Jobba extra och f\u00e5 jobb utifr\u00e5n kompetens, inte person. V\u00e4lj hur mycket du vill arbeta. Att tj\u00e4na extra pengar har aldrig varit enklare!","og_url":"https:\/\/catchme.se\/en\/for-investors\/","og_site_name":"Catch Me","article_modified_time":"2026-02-02T13:53:16+00:00","twitter_card":"summary_large_image","twitter_misc":{"Est. reading time":"6 minutes"},"schema":{"@context":"https:\/\/schema.org","@graph":[{"@type":"WebPage","@id":"https:\/\/catchme.se\/en\/for-investors\/","url":"https:\/\/catchme.se\/en\/for-investors\/","name":"Jobba extra och f\u00e5 betalt samma dag! - Catch Me","isPartOf":{"@id":"https:\/\/catchme.se\/#website"},"datePublished":"2024-01-04T09:41:30+00:00","dateModified":"2026-02-02T13:53:16+00:00","description":"Jobba extra och f\u00e5 jobb utifr\u00e5n kompetens, inte person. V\u00e4lj hur mycket du vill arbeta. Att tj\u00e4na extra pengar har aldrig varit enklare!","breadcrumb":{"@id":"https:\/\/catchme.se\/en\/for-investors\/#breadcrumb"},"inLanguage":"en-US","potentialAction":[{"@type":"ReadAction","target":["https:\/\/catchme.se\/en\/for-investors\/"]}]},{"@type":"BreadcrumbList","@id":"https:\/\/catchme.se\/en\/for-investors\/#breadcrumb","itemListElement":[{"@type":"ListItem","position":1,"name":"Hem","item":"https:\/\/catchme.se\/en\/"},{"@type":"ListItem","position":2,"name":"For investors"}]},{"@type":"WebSite","@id":"https:\/\/catchme.se\/#website","url":"https:\/\/catchme.se\/","name":"Catch Me","description":"","potentialAction":[{"@type":"SearchAction","target":{"@type":"EntryPoint","urlTemplate":"https:\/\/catchme.se\/?s={search_term_string}"},"query-input":{"@type":"PropertyValueSpecification","valueRequired":true,"valueName":"search_term_string"}}],"inLanguage":"en-US"}]}},"_links":{"self":[{"href":"https:\/\/catchme.se\/en\/wp-json\/wp\/v2\/pages\/2503","targetHints":{"allow":["GET"]}}],"collection":[{"href":"https:\/\/catchme.se\/en\/wp-json\/wp\/v2\/pages"}],"about":[{"href":"https:\/\/catchme.se\/en\/wp-json\/wp\/v2\/types\/page"}],"author":[{"embeddable":true,"href":"https:\/\/catchme.se\/en\/wp-json\/wp\/v2\/users\/2"}],"replies":[{"embeddable":true,"href":"https:\/\/catchme.se\/en\/wp-json\/wp\/v2\/comments?post=2503"}],"version-history":[{"count":7,"href":"https:\/\/catchme.se\/en\/wp-json\/wp\/v2\/pages\/2503\/revisions"}],"predecessor-version":[{"id":3633,"href":"https:\/\/catchme.se\/en\/wp-json\/wp\/v2\/pages\/2503\/revisions\/3633"}],"wp:attachment":[{"href":"https:\/\/catchme.se\/en\/wp-json\/wp\/v2\/media?parent=2503"}],"curies":[{"name":"wp","href":"https:\/\/api.w.org\/{rel}","templated":true}]}}